{"id":345836,"date":"2026-03-28T11:20:35","date_gmt":"2026-03-28T11:20:35","guid":{"rendered":"https:\/\/nordicdeli.store\/?page_id=345836"},"modified":"2026-03-28T11:20:35","modified_gmt":"2026-03-28T11:20:35","slug":"proximamente","status":"publish","type":"page","link":"https:\/\/nordicdeli.store\/ru\/","title":{"rendered":"Proximamente"},"content":{"rendered":"<p>[et_pb_section fb_built=\u00bb1&#8243; custom_padding_last_edited=\u00bbon|phone\u00bb _builder_version=\u00bb4.27.5&#8243; _module_preset=\u00bbdefault\u00bb background_color=\u00bbrgba(174,148,113,0.27)\u00bb use_background_color_gradient=\u00bbon\u00bb background_color_gradient_stops=\u00bb#323f50 5%|rgba(50,63,80,0.6) 49%|#323f50 95%\u00bb background_color_gradient_overlays_image=\u00bbon\u00bb background_image=\u00bbhttps:\/\/nordicdeli.store\/wp-content\/uploads\/2025\/11\/foto-nordic.webp\u00bb min_height=\u00bb83vh\u00bb custom_margin_tablet=\u00bb\u00bb custom_margin_phone=\u00bb\u00bb custom_margin_last_edited=\u00bbon|phone\u00bb custom_padding_tablet=\u00bb\u00bb custom_padding_phone=\u00bb0px||||false|false\u00bb global_colors_info=\u00bb{}\u00bb theme_builder_area=\u00bbpost_content\u00bb][et_pb_row _builder_version=\u00bb4.27.5&#8243; _module_preset=\u00bbdefault\u00bb custom_margin=\u00bb5%||||false|false\u00bb custom_margin_tablet=\u00bb5%||||false|false\u00bb custom_margin_phone=\u00bb0%||||false|false\u00bb custom_margin_last_edited=\u00bbon|phone\u00bb global_colors_info=\u00bb{}\u00bb theme_builder_area=\u00bbpost_content\u00bb][et_pb_column type=\u00bb4_4&#8243; _builder_version=\u00bb4.27.5&#8243; _module_preset=\u00bbdefault\u00bb global_colors_info=\u00bb{}\u00bb theme_builder_area=\u00bbpost_content\u00bb][et_pb_image src=\u00bbhttps:\/\/nordicdeli.store\/wp-content\/uploads\/2025\/11\/logo-nordic-2.webp\u00bb title_text=\u00bblogo nordic 2&#8243; _builder_version=\u00bb4.27.5&#8243; _module_preset=\u00bbdefault\u00bb width=\u00bb240px\u00bb width_tablet=\u00bb240px\u00bb width_phone=\u00bb180px\u00bb width_last_edited=\u00bbon|phone\u00bb module_alignment=\u00bbcenter\u00bb global_colors_info=\u00bb{}\u00bb theme_builder_area=\u00bbpost_content\u00bb][\/et_pb_image][et_pb_text _builder_version=\u00bb4.27.5&#8243; _module_preset=\u00bbdefault\u00bb text_font=\u00bbplatypi||||||||\u00bb text_text_color=\u00bb#ad9d88&#8243; text_font_size=\u00bb18px\u00bb text_orientation=\u00bbcenter\u00bb text_font_size_tablet=\u00bb18px\u00bb text_font_size_phone=\u00bb14px\u00bb text_font_size_last_edited=\u00bbon|desktop\u00bb global_colors_info=\u00bb{}\u00bb theme_builder_area=\u00bbpost_content\u00bb]<\/p>\n<p>Algo exquisito se est\u00e1 preparando&#8230;<br \/>En <strong>Nordic Deli<\/strong>, la paciencia es un ingrediente clave, tanto para seleccionar el mejor caviar como para capturar <strong>la frescura del mar en cada pieza<\/strong> de pescado.<\/p>\n<p>Ahora, estamos aplicando esa misma dedicaci\u00f3n a nuestra nueva plataforma digital.<br \/><strong>Muy pronto<\/strong>, la experiencia de nuestra tienda llegar\u00e1 directamente a tu pantalla. <strong>Nuestra tienda online<\/strong> est\u00e1 casi lista para que puedas realizar tus pedidos con un solo clic y disfrutar de la m\u00e1xima calidad n\u00f3rdica en la comodidad de tu casa.<\/p>\n<p>[\/et_pb_text][et_pb_icon font_icon=\u00bb&#xe09a;||divi||400&#8243; icon_color=\u00bb#ad977b\u00bb url=\u00bbhttps:\/\/www.instagram.com\/nordicdelistore\/\u00bb url_new_window=\u00bbon\u00bb icon_width_tablet=\u00bb\u00bb icon_width_phone=\u00bb64px\u00bb icon_width_last_edited=\u00bbon|phone\u00bb _builder_version=\u00bb4.27.5&#8243; _module_preset=\u00bbdefault\u00bb global_colors_info=\u00bb{}\u00bb theme_builder_area=\u00bbpost_content\u00bb][\/et_pb_icon][et_pb_text _builder_version=\u00bb4.27.5&#8243; _module_preset=\u00bbdefault\u00bb text_font=\u00bbplatypi||||||||\u00bb text_text_color=\u00bb#ad9d88&#8243; text_font_size=\u00bb18px\u00bb text_orientation=\u00bbcenter\u00bb text_font_size_tablet=\u00bb18px\u00bb text_font_size_phone=\u00bb14px\u00bb text_font_size_last_edited=\u00bbon|desktop\u00bb global_colors_info=\u00bb{}\u00bb theme_builder_area=\u00bbpost_content\u00bb]<\/p>\n<p><strong>Mantente atento<\/strong>. Lo mejor del oc\u00e9ano est\u00e1 a punto de desembarcar en la web.<\/p>\n<p>[\/et_pb_text][\/et_pb_column][\/et_pb_row][\/et_pb_section]<\/p>\n","protected":false},"excerpt":{"rendered":"<p>Algo exquisito se est\u00e1 preparando&#8230;En Nordic Deli, la paciencia es un ingrediente clave, tanto para seleccionar el mejor caviar como para capturar la frescura del mar en cada pieza de pescado. Ahora, estamos aplicando esa misma dedicaci\u00f3n a nuestra nueva plataforma digital.Muy pronto, la experiencia de nuestra tienda llegar\u00e1 directamente a tu pantalla. Nuestra tienda [&hellip;]<\/p>\n","protected":false},"author":1,"featured_media":0,"parent":0,"menu_order":0,"comment_status":"closed","ping_status":"closed","template":"","meta":{"_et_pb_use_builder":"on","_et_pb_old_content":"","_et_gb_content_width":"","_joinchat":[],"footnotes":""},"class_list":["post-345836","page","type-page","status-publish","hentry"],"_links":{"self":[{"href":"https:\/\/nordicdeli.store\/ru\/wp-json\/wp\/v2\/pages\/345836","targetHints":{"allow":["GET"]}}],"collection":[{"href":"https:\/\/nordicdeli.store\/ru\/wp-json\/wp\/v2\/pages"}],"about":[{"href":"https:\/\/nordicdeli.store\/ru\/wp-json\/wp\/v2\/types\/page"}],"author":[{"embeddable":true,"href":"https:\/\/nordicdeli.store\/ru\/wp-json\/wp\/v2\/users\/1"}],"replies":[{"embeddable":true,"href":"https:\/\/nordicdeli.store\/ru\/wp-json\/wp\/v2\/comments?post=345836"}],"version-history":[{"count":0,"href":"https:\/\/nordicdeli.store\/ru\/wp-json\/wp\/v2\/pages\/345836\/revisions"}],"wp:attachment":[{"href":"https:\/\/nordicdeli.store\/ru\/wp-json\/wp\/v2\/media?parent=345836"}],"curies":[{"name":"wp","href":"https:\/\/api.w.org\/{rel}","templated":true}]}}