{"id":345210,"date":"2025-12-13T15:07:16","date_gmt":"2025-12-13T15:07:16","guid":{"rendered":"https:\/\/nordicdeli.store\/?page_id=345210"},"modified":"2026-03-08T13:52:41","modified_gmt":"2026-03-08T13:52:41","slug":"declaracion-de-accesibilidad","status":"publish","type":"page","link":"https:\/\/nordicdeli.store\/ru\/declaracion-de-accesibilidad\/","title":{"rendered":"\u0417\u0430\u044f\u0432\u043b\u0435\u043d\u0438\u0435 \u043e \u0434\u043e\u0441\u0442\u0443\u043f\u043d\u043e\u0441\u0442\u0438"},"content":{"rendered":"<p>[et_pb_section fb_built=\u00bb1&#8243; _builder_version=\u00bb4.27.5&#8243; _module_preset=\u00bbdefault\u00bb background_color=\u00bb#CECECE\u00bb locked=\u00bboff\u00bb global_colors_info=\u00bb{}\u00bb][et_pb_row _builder_version=\u00bb4.27.5&#8243; _module_preset=\u00bbdefault\u00bb global_colors_info=\u00bb{}\u00bb][et_pb_column type=\u00bb4_4&#8243; _builder_version=\u00bb4.27.5&#8243; _module_preset=\u00bbdefault\u00bb global_colors_info=\u00bb{}\u00bb][dipl_double_color_heading heading_pre_part=\u00bbDeclaraci\u00f3n de Accesibilidad\u00bb _builder_version=\u00bb4.27.5&#8243; _module_preset=\u00bbdefault\u00bb global_heading_settings_level=\u00bbh1&#8243; global_heading_settings_text_align=\u00bbcenter\u00bb pre_header_text_color=\u00bb#323F50&#8243; pre_header_font_size=\u00bb36px\u00bb module_alignment=\u00bbcenter\u00bb pre_header_font_size_tablet=\u00bb36px\u00bb pre_header_font_size_phone=\u00bb36px\u00bb pre_header_font_size_last_edited=\u00bbon|desktop\u00bb global_colors_info=\u00bb{}\u00bb][\/dipl_double_color_heading][\/et_pb_column][\/et_pb_row][\/et_pb_section][et_pb_section fb_built=\u00bb1&#8243; _builder_version=\u00bb4.27.5&#8243; _module_preset=\u00bbdefault\u00bb global_colors_info=\u00bb{}\u00bb][et_pb_row _builder_version=\u00bb4.27.5&#8243; _module_preset=\u00bbdefault\u00bb locked=\u00bboff\u00bb global_colors_info=\u00bb{}\u00bb][et_pb_column type=\u00bb4_4&#8243; _builder_version=\u00bb4.27.5&#8243; _module_preset=\u00bbdefault\u00bb global_colors_info=\u00bb{}\u00bb][et_pb_text _builder_version=\u00bb4.27.5&#8243; _module_preset=\u00bbdefault\u00bb text_font_size=\u00bb14px\u00bb header_3_font_size=\u00bb20px\u00bb header_4_font_size=\u00bb16px\u00bb background_size=\u00bbinitial\u00bb background_position=\u00bbtop_left\u00bb background_repeat=\u00bbrepeat\u00bb width=\u00bb70%\u00bb module_alignment=\u00bbcenter\u00bb hover_enabled=\u00bb0&#8243; global_colors_info=\u00bb{}\u00bb sticky_enabled=\u00bb0&#8243;]<\/p>\n<h1><span>Declaraci\u00f3n de Accesibilidad<\/span><\/h1>\n<p><span>El propietario del sitio web <\/span><strong><span>Nordic Deli<\/span><\/strong><span> se ha comprometido a hacer accesible su sitio web, de conformidad con la normativa europea y espa\u00f1ola en materia de accesibilidad digital, y en particular con el <\/span><strong><span>European Accessibility Act (Directiva (UE) 2019\/882)<\/span><\/strong><span> y las <\/span><strong><span>Pautas de Accesibilidad para el Contenido Web (WCAG) 2.1<\/span><\/strong><span>, nivel AA.<\/span><\/p>\n<p><span>La presente declaraci\u00f3n de accesibilidad se aplica a este sitio web.<\/span><\/p>\n<div contenteditable=\"false\">\n<hr \/>\n<\/div>\n<h2><span>Situaci\u00f3n de cumplimiento<\/span><\/h2>\n<p>Este sitio web es parcialmente conforme con las WCAG 2.1 nivel AA, debido a las excepciones y a la falta de conformidad de algunos de los aspectos que se indican a continuaci\u00f3n.<\/p>\n<div contenteditable=\"false\">\n<hr \/>\n<\/div>\n<h2><span>Contenido no accesible<\/span><\/h2>\n<p><span>El contenido que se recoge a continuaci\u00f3n no es accesible por los siguientes motivos:<\/span><\/p>\n<h3><span>Falta de conformidad<\/span><\/h3>\n<ul data-spread=\"false\">\n<li><span>Algunas im\u00e1genes pueden no estar etiquetadas o disponer de una alternativa textual gen\u00e9rica.<\/span><\/li>\n<li><span>Algunos v\u00eddeos pregrabados pueden no contener subt\u00edtulos.<\/span><\/li>\n<li><span>Algunos v\u00eddeos pregrabados pueden no disponer de audiodescripci\u00f3n o de medios alternativos.<\/span><\/li>\n<li><span>En algunas p\u00e1ginas, la informaci\u00f3n, estructura y relaciones pueden no estar determinadas por software o no disponer de alternativa textual.<\/span><\/li>\n<li><span>En determinadas p\u00e1ginas se ha utilizado el color como \u00fanico medio visual para transmitir informaci\u00f3n, indicar una acci\u00f3n o distinguir un elemento visual.<\/span><\/li>\n<li><span>En algunas p\u00e1ginas pueden existir atributos o identificadores duplicados.<\/span><\/li>\n<li><span>Algunos componentes de la interfaz de usuario (formularios, enlaces o elementos generados por script) pueden no seguir completamente la estructura recomendada por las pautas de accesibilidad.<\/span><\/li>\n<li><span>En algunos formularios, los campos de entrada que recopilan informaci\u00f3n del usuario pueden no tener identificado correctamente su prop\u00f3sito.<\/span><\/li>\n<li><span>En determinadas p\u00e1ginas, la relaci\u00f3n de contraste del texto o de las im\u00e1genes puede no alcanzar el m\u00ednimo recomendado.<\/span><\/li>\n<li><span>El contraste de algunos componentes de la interfaz de usuario u objetos gr\u00e1ficos puede no alcanzar el nivel recomendado.<\/span><\/li>\n<li><span>De manera puntual, podr\u00eda existir alg\u00fan error de entrada en campos o formularios sin que se notifique adecuadamente al usuario la sugerencia para su correcci\u00f3n.<\/span><\/li>\n<li><span>Algunos mensajes de estado podr\u00edan no estar determinados mediante programaci\u00f3n a trav\u00e9s de funciones o propiedades espec\u00edficas.<\/span><\/li>\n<\/ul>\n<div contenteditable=\"false\">\n<hr \/>\n<\/div>\n<h2><span>Carga desproporcionada<\/span><\/h2>\n<p><span>No aplica.<\/span><\/p>\n<div contenteditable=\"false\">\n<hr \/>\n<\/div>\n<h2><span>Contenido fuera del \u00e1mbito de la legislaci\u00f3n aplicable<\/span><\/h2>\n<p><span>Podr\u00edan existir documentos en formato PDF u otros formatos ofim\u00e1ticos publicados con anterioridad a la entrada en vigor de la normativa aplicable que no cumplan \u00edntegramente todos los requisitos de accesibilidad.<\/span><\/p>\n<div contenteditable=\"false\">\n<hr \/>\n<\/div>\n<h2><span>Preparaci\u00f3n de la presente declaraci\u00f3n<\/span><\/h2>\n<p><span>La presente declaraci\u00f3n ha sido preparada mediante una <\/span><strong><span>auto-evaluaci\u00f3n interna<\/span><\/strong><span>.<\/span><\/p>\n<p><span>Fecha de la declaraci\u00f3n: <\/span><strong><span>12\/12\/2025<\/span><\/strong><\/p>\n<div contenteditable=\"false\">\n<hr \/>\n<\/div>\n<h2><span>Observaciones y datos de contacto<\/span><\/h2>\n<p><span>Se pueden realizar comunicaciones sobre requisitos de accesibilidad a trav\u00e9s de los medios de contacto indicados en el sitio web, con el fin de:<\/span><\/p>\n<ul data-spread=\"false\">\n<li><span>Informar sobre cualquier posible incumplimiento por parte de este sitio web.<\/span><\/li>\n<li><span>Transmitir otras dificultades de acceso al contenido.<\/span><\/li>\n<li><span>Formular cualquier consulta o sugerencia de mejora relativa a la accesibilidad del sitio web.<\/span><\/li>\n<\/ul>\n<p><span>Nordic Deli se compromete a analizar y responder dichas comunicaciones en un plazo razonable.<\/span><\/p>\n<p>[\/et_pb_text][\/et_pb_column][\/et_pb_row][\/et_pb_section]<\/p>\n","protected":false},"excerpt":{"rendered":"<p><div class=\"et_pb_module dipl_double_color_heading dipl_double_color_heading_0 \">\n\t\t\t\t\n\t\t\t\t\n\t\t\t\t\n\t\t\t\t\n\t\t\t\t\n\t\t\t\t\n\t\t\t\t<div class=\"et_pb_module_inner\">\n\t\t\t\t\t<div class=\"dipl_text_wrapper\"><h1><span class=\"dipl_pre_text\">Declaraci\u00f3n de Accesibilidad<\/span><\/h1><\/div>\n\t\t\t\t<\/div>\n\t\t\t<\/div>Declaraci\u00f3n de Accesibilidad El propietario del sitio web Nordic Deli se ha comprometido a hacer accesible su sitio web, de conformidad con la normativa europea y espa\u00f1ola en materia de accesibilidad digital, y en particular con el European Accessibility Act (Directiva [&hellip;]<\/p>\n","protected":false},"author":1,"featured_media":0,"parent":0,"menu_order":0,"comment_status":"closed","ping_status":"closed","template":"","meta":{"_et_pb_use_builder":"on","_et_pb_old_content":"","_et_gb_content_width":"","_joinchat":[],"footnotes":""},"class_list":["post-345210","page","type-page","status-publish","hentry"],"_links":{"self":[{"href":"https:\/\/nordicdeli.store\/ru\/wp-json\/wp\/v2\/pages\/345210","targetHints":{"allow":["GET"]}}],"collection":[{"href":"https:\/\/nordicdeli.store\/ru\/wp-json\/wp\/v2\/pages"}],"about":[{"href":"https:\/\/nordicdeli.store\/ru\/wp-json\/wp\/v2\/types\/page"}],"author":[{"embeddable":true,"href":"https:\/\/nordicdeli.store\/ru\/wp-json\/wp\/v2\/users\/1"}],"replies":[{"embeddable":true,"href":"https:\/\/nordicdeli.store\/ru\/wp-json\/wp\/v2\/comments?post=345210"}],"version-history":[{"count":0,"href":"https:\/\/nordicdeli.store\/ru\/wp-json\/wp\/v2\/pages\/345210\/revisions"}],"wp:attachment":[{"href":"https:\/\/nordicdeli.store\/ru\/wp-json\/wp\/v2\/media?parent=345210"}],"curies":[{"name":"wp","href":"https:\/\/api.w.org\/{rel}","templated":true}]}}