{"id":345196,"date":"2025-12-13T14:47:15","date_gmt":"2025-12-13T14:47:15","guid":{"rendered":"https:\/\/nordicdeli.store\/?page_id=345196"},"modified":"2026-03-20T14:59:38","modified_gmt":"2026-03-20T14:59:38","slug":"condiciones-de-compras-y-envios","status":"publish","type":"page","link":"https:\/\/nordicdeli.store\/en\/condiciones-de-compras-y-envios\/","title":{"rendered":"Purchase and Shipping Conditions"},"content":{"rendered":"<p>[et_pb_section fb_built=\u00bb1&#8243; _builder_version=\u00bb4.27.5&#8243; _module_preset=\u00bbdefault\u00bb background_color=\u00bb#CECECE\u00bb locked=\u00bboff\u00bb global_colors_info=\u00bb{}\u00bb][et_pb_row _builder_version=\u00bb4.27.5&#8243; _module_preset=\u00bbdefault\u00bb global_colors_info=\u00bb{}\u00bb][et_pb_column type=\u00bb4_4&#8243; _builder_version=\u00bb4.27.5&#8243; _module_preset=\u00bbdefault\u00bb global_colors_info=\u00bb{}\u00bb][dipl_double_color_heading heading_pre_part=\u00bbCondiciones de Compras y Env\u00edos\u00bb _builder_version=\u00bb4.27.5&#8243; _module_preset=\u00bbdefault\u00bb global_heading_settings_level=\u00bbh1&#8243; global_heading_settings_text_align=\u00bbcenter\u00bb pre_header_text_color=\u00bb#323F50&#8243; pre_header_font_size=\u00bb36px\u00bb module_alignment=\u00bbcenter\u00bb pre_header_font_size_tablet=\u00bb36px\u00bb pre_header_font_size_phone=\u00bb36px\u00bb pre_header_font_size_last_edited=\u00bbon|desktop\u00bb global_colors_info=\u00bb{}\u00bb][\/dipl_double_color_heading][\/et_pb_column][\/et_pb_row][\/et_pb_section][et_pb_section fb_built=\u00bb1&#8243; _builder_version=\u00bb4.27.5&#8243; _module_preset=\u00bbdefault\u00bb global_colors_info=\u00bb{}\u00bb][et_pb_row _builder_version=\u00bb4.27.5&#8243; _module_preset=\u00bbdefault\u00bb locked=\u00bboff\u00bb global_colors_info=\u00bb{}\u00bb][et_pb_column type=\u00bb4_4&#8243; _builder_version=\u00bb4.27.5&#8243; _module_preset=\u00bbdefault\u00bb global_colors_info=\u00bb{}\u00bb][et_pb_text _builder_version=\u00bb4.27.5&#8243; _module_preset=\u00bbdefault\u00bb text_font_size=\u00bb14px\u00bb header_3_font_size=\u00bb20px\u00bb header_4_font_size=\u00bb16px\u00bb background_size=\u00bbinitial\u00bb background_position=\u00bbtop_left\u00bb background_repeat=\u00bbrepeat\u00bb width=\u00bb70%\u00bb module_alignment=\u00bbcenter\u00bb hover_enabled=\u00bb0&#8243; global_colors_info=\u00bb{}\u00bb sticky_enabled=\u00bb0&#8243;]<\/p>\n<h1>Condiciones de Compra<\/h1>\n<p>Estas condiciones regulan la venta de productos a trav\u00e9s del sitio web Nordic Deli. Al realizar un pedido, el cliente acepta expresamente las presentes condiciones.<\/p>\n<hr \/>\n<h2>1. Informaci\u00f3n general<\/h2>\n<p>Los productos comercializados por Nordic Deli son productos alimentarios envasados, algunos de ellos perecederos, destinados al consumo humano.<\/p>\n<p>Nordic Deli se reserva el derecho de modificar en cualquier momento las presentes condiciones, siendo aplicables las vigentes en el momento de la compra.<\/p>\n<hr \/>\n<h2>2. Proceso de compra<\/h2>\n<p>El proceso de compra se realiza \u00edntegramente a trav\u00e9s del sitio web. Una vez seleccionado el producto y completado el pago, el cliente recibir\u00e1 un correo electr\u00f3nico de confirmaci\u00f3n del pedido.<\/p>\n<p>La confirmaci\u00f3n no implica la aceptaci\u00f3n definitiva del pedido hasta que este haya sido preparado y enviado.<\/p>\n<hr \/>\n<h2>3. Precios e impuestos<\/h2>\n<p>Todos los precios indicados en la web est\u00e1n expresados en euros (\u20ac) e incluyen los impuestos legalmente aplicables.<\/p>\n<p>Los gastos de env\u00edo se muestran antes de finalizar el proceso de compra.<\/p>\n<hr \/>\n<h2>4. M\u00e9todos de pago<\/h2>\n<p>Los m\u00e9todos de pago disponibles se mostrar\u00e1n durante el proceso de compra y deber\u00e1n ser completados antes de la confirmaci\u00f3n del pedido.<\/p>\n<hr \/>\n<h2>5. Env\u00edos<\/h2>\n<h3>5.1 Empresa de transporte<\/h3>\n<p>Los env\u00edos se realizan a trav\u00e9s de SEUR.<\/p>\n<h3>5.2 Costes y plazos<\/h3>\n<p>Los costes y plazos de entrega dependen directamente de SEUR, as\u00ed como del destino del env\u00edo y del tipo de servicio seleccionado.<\/p>\n<p>Nordic Deli no puede garantizar plazos exactos de entrega, ya que estos son responsabilidad de la empresa de transporte.<\/p>\n<h3>5.3 Entrega<\/h3>\n<p>Se considerar\u00e1 el pedido entregado en el momento en que el transportista lo ponga a disposici\u00f3n del cliente en la direcci\u00f3n indicada.<\/p>\n<p>Es responsabilidad del cliente facilitar una direcci\u00f3n correcta y asegurar la recepci\u00f3n del pedido.<\/p>\n<hr \/>\n<h2>6. Conservaci\u00f3n del producto<\/h2>\n<p>Al tratarse de productos alimentarios, el cliente es responsable de seguir las instrucciones de conservaci\u00f3n indicadas en el envase y en la ficha del producto desde el momento de la entrega.<\/p>\n<p>Nordic Deli no se hace responsable de un uso, conservaci\u00f3n o manipulaci\u00f3n incorrectos tras la entrega.<\/p>\n<hr \/>\n<h2>7. Devoluciones y derecho de desistimiento<\/h2>\n<p>De acuerdo con el art\u00edculo 103 del Real Decreto Legislativo 1\/2007, el derecho de desistimiento no es aplicable a productos alimentarios perecederos, como los comercializados por Nordic Deli.<\/p>\n<p>Por este motivo, no se aceptan devoluciones salvo en los siguientes casos:<\/p>\n<ul>\n<li>El producto haya llegado en mal estado.<\/li>\n<li>El producto no se corresponda con el pedido realizado.<\/li>\n<\/ul>\n<p>En estos casos, el cliente deber\u00e1 contactar con Nordic Deli en el menor plazo posible, aportando fotograf\u00edas y detalles del problema.<\/p>\n<hr \/>\n<h2>8. Atenci\u00f3n al cliente<\/h2>\n<p>Para cualquier duda, incidencia o reclamaci\u00f3n, el cliente puede contactar a trav\u00e9s de los medios indicados en el sitio web.<\/p>\n<hr \/>\n<h2>9. Legislaci\u00f3n aplicable<\/h2>\n<p>Las presentes condiciones se rigen por la legislaci\u00f3n espa\u00f1ola. Cualquier controversia se someter\u00e1 a los juzgados y tribunales que correspondan conforme a la normativa vigente.<\/p>\n<p>[\/et_pb_text][\/et_pb_column][\/et_pb_row][\/et_pb_section]<\/p>\n","protected":false},"excerpt":{"rendered":"<p><div class=\"et_pb_module dipl_double_color_heading dipl_double_color_heading_0 \">\n\t\t\t\t\n\t\t\t\t\n\t\t\t\t\n\t\t\t\t\n\t\t\t\t\n\t\t\t\t\n\t\t\t\t<div class=\"et_pb_module_inner\">\n\t\t\t\t\t<div class=\"dipl_text_wrapper\"><h1><span class=\"dipl_pre_text\">Condiciones de Compras y Env\u00edos<\/span><\/h1><\/div>\n\t\t\t\t<\/div>\n\t\t\t<\/div>Condiciones de Compra Estas condiciones regulan la venta de productos a trav\u00e9s del sitio web Nordic Deli. Al realizar un pedido, el cliente acepta expresamente las presentes condiciones. 1. Informaci\u00f3n general Los productos comercializados por Nordic Deli son productos [&hellip;]<\/p>\n","protected":false},"author":1,"featured_media":0,"parent":0,"menu_order":0,"comment_status":"closed","ping_status":"closed","template":"","meta":{"_et_pb_use_builder":"on","_et_pb_old_content":"","_et_gb_content_width":"","_joinchat":[],"footnotes":""},"class_list":["post-345196","page","type-page","status-publish","hentry"],"_links":{"self":[{"href":"https:\/\/nordicdeli.store\/en\/wp-json\/wp\/v2\/pages\/345196","targetHints":{"allow":["GET"]}}],"collection":[{"href":"https:\/\/nordicdeli.store\/en\/wp-json\/wp\/v2\/pages"}],"about":[{"href":"https:\/\/nordicdeli.store\/en\/wp-json\/wp\/v2\/types\/page"}],"author":[{"embeddable":true,"href":"https:\/\/nordicdeli.store\/en\/wp-json\/wp\/v2\/users\/1"}],"replies":[{"embeddable":true,"href":"https:\/\/nordicdeli.store\/en\/wp-json\/wp\/v2\/comments?post=345196"}],"version-history":[{"count":0,"href":"https:\/\/nordicdeli.store\/en\/wp-json\/wp\/v2\/pages\/345196\/revisions"}],"wp:attachment":[{"href":"https:\/\/nordicdeli.store\/en\/wp-json\/wp\/v2\/media?parent=345196"}],"curies":[{"name":"wp","href":"https:\/\/api.w.org\/{rel}","templated":true}]}}